{"id":448,"date":"2023-03-28T18:41:33","date_gmt":"2023-03-28T16:41:33","guid":{"rendered":"https:\/\/www.osoro.net\/?page_id=448"},"modified":"2025-07-10T12:28:59","modified_gmt":"2025-07-10T10:28:59","slug":"publications-works","status":"publish","type":"page","link":"https:\/\/www.osoro.net\/en\/publicaciones-trabajos\/","title":{"rendered":"Publications"},"content":{"rendered":"<div data-elementor-type=\"wp-page\" data-elementor-id=\"448\" class=\"elementor elementor-448\" data-elementor-post-type=\"page\">\n\t\t\t\t\t\t<section class=\"elementor-section elementor-top-section elementor-element elementor-element-f847398 elementor-section-full_width elementor-section-height-default elementor-section-height-default\" data-id=\"f847398\" data-element_type=\"section\" data-e-type=\"section\">\n\t\t\t\t\t\t<div class=\"elementor-container elementor-column-gap-default\">\n\t\t\t\t\t<div class=\"elementor-column elementor-col-100 elementor-top-column elementor-element elementor-element-9a97759\" data-id=\"9a97759\" data-element_type=\"column\" data-e-type=\"column\">\n\t\t\t<div class=\"elementor-widget-wrap elementor-element-populated\">\n\t\t\t\t\t\t<div class=\"elementor-element elementor-element-cdf2310 elementor-widget__width-auto elementor-mobile-align-center elementor-widget-mobile__width-auto elementor-widget elementor-widget-breadcrumbs\" data-id=\"cdf2310\" data-element_type=\"widget\" data-e-type=\"widget\" data-widget_type=\"breadcrumbs.default\">\n\t\t\t\t<div class=\"elementor-widget-container\">\n\t\t\t\t\t<p id=\"breadcrumbs\"><span><span><a href=\"https:\/\/www.osoro.net\/en\/\">Home<\/a><\/span><\/span><\/p>\t\t\t\t<\/div>\n\t\t\t\t<\/div>\n\t\t\t\t<div class=\"elementor-element elementor-element-cb79bd5 elementor-invisible elementor-widget elementor-widget-heading\" data-id=\"cb79bd5\" data-element_type=\"widget\" data-e-type=\"widget\" data-settings=\"{&quot;_animation&quot;:&quot;fadeInUp&quot;}\" data-widget_type=\"heading.default\">\n\t\t\t\t<div class=\"elementor-widget-container\">\n\t\t\t\t\t<h1 class=\"elementor-heading-title elementor-size-default\">Publications<\/h1>\t\t\t\t<\/div>\n\t\t\t\t<\/div>\n\t\t\t\t<div class=\"elementor-element elementor-element-df08ef1 elementor-widget-divider--view-line elementor-widget elementor-widget-divider\" data-id=\"df08ef1\" data-element_type=\"widget\" data-e-type=\"widget\" data-widget_type=\"divider.default\">\n\t\t\t\t<div class=\"elementor-widget-container\">\n\t\t\t\t\t\t\t<div class=\"elementor-divider\">\n\t\t\t<span class=\"elementor-divider-separator\">\n\t\t\t\t\t\t<\/span>\n\t\t<\/div>\n\t\t\t\t\t\t<\/div>\n\t\t\t\t<\/div>\n\t\t\t\t\t<\/div>\n\t\t<\/div>\n\t\t\t\t\t<\/div>\n\t\t<\/section>\n\t\t\t\t<section class=\"elementor-section elementor-top-section elementor-element elementor-element-74bbd64 elementor-section-boxed elementor-section-height-default elementor-section-height-default\" data-id=\"74bbd64\" data-element_type=\"section\" data-e-type=\"section\">\n\t\t\t\t\t\t<div class=\"elementor-container elementor-column-gap-default\">\n\t\t\t\t\t<div class=\"elementor-column elementor-col-100 elementor-top-column elementor-element elementor-element-a5a4d8d\" data-id=\"a5a4d8d\" data-element_type=\"column\" data-e-type=\"column\">\n\t\t\t<div class=\"elementor-widget-wrap elementor-element-populated\">\n\t\t\t\t\t\t<div class=\"elementor-element elementor-element-d299f91 elementor-widget elementor-widget-heading\" data-id=\"d299f91\" data-element_type=\"widget\" data-e-type=\"widget\" data-widget_type=\"heading.default\">\n\t\t\t\t<div class=\"elementor-widget-container\">\n\t\t\t\t\t<h2 class=\"elementor-heading-title elementor-size-default\">Challenging the status quo: A scoping review of value-based care models in cardiology and electrophysiology<\/h2>\t\t\t\t<\/div>\n\t\t\t\t<\/div>\n\t\t\t\t<div class=\"elementor-element elementor-element-1649099 elementor-widget elementor-widget-image\" data-id=\"1649099\" data-element_type=\"widget\" data-e-type=\"widget\" data-widget_type=\"image.default\">\n\t\t\t\t<div class=\"elementor-widget-container\">\n\t\t\t\t\t\t\t\t\t\t\t\t\t\t\t<img fetchpriority=\"high\" decoding=\"async\" width=\"520\" height=\"555\" src=\"https:\/\/www.osoro.net\/wp-content\/uploads\/2024\/09\/m_euae210_ga1.jpeg\" class=\"attachment-large size-large wp-image-1319\" alt=\"\" srcset=\"https:\/\/www.osoro.net\/wp-content\/uploads\/2024\/09\/m_euae210_ga1.jpeg 520w, https:\/\/www.osoro.net\/wp-content\/uploads\/2024\/09\/m_euae210_ga1-281x300.jpeg 281w, https:\/\/www.osoro.net\/wp-content\/uploads\/2024\/09\/m_euae210_ga1-11x12.jpeg 11w\" sizes=\"(max-width: 520px) 100vw, 520px\" \/>\t\t\t\t\t\t\t\t\t\t\t\t\t\t\t<\/div>\n\t\t\t\t<\/div>\n\t\t\t\t\t<\/div>\n\t\t<\/div>\n\t\t\t\t\t<\/div>\n\t\t<\/section>\n\t\t\t\t<section class=\"elementor-section elementor-top-section elementor-element elementor-element-4a70ccc elementor-section-boxed elementor-section-height-default elementor-section-height-default\" data-id=\"4a70ccc\" data-element_type=\"section\" data-e-type=\"section\">\n\t\t\t\t\t\t<div class=\"elementor-container elementor-column-gap-default\">\n\t\t\t\t\t<div class=\"elementor-column elementor-col-100 elementor-top-column elementor-element elementor-element-f0bed8d\" data-id=\"f0bed8d\" data-element_type=\"column\" data-e-type=\"column\">\n\t\t\t<div class=\"elementor-widget-wrap elementor-element-populated\">\n\t\t\t\t\t\t<div class=\"elementor-element elementor-element-57b95f6 elementor-widget elementor-widget-text-editor\" data-id=\"57b95f6\" data-element_type=\"widget\" data-e-type=\"widget\" data-widget_type=\"text-editor.default\">\n\t\t\t\t<div class=\"elementor-widget-container\">\n\t\t\t\t\t\t\t\t\t<h2 id=\"478726957\" class=\"abstract-title js-splitscreen-abstract-title\">Abstract<\/h2><section class=\"abstract\"><div class=\"sec\"><div class=\"title\">Background and objective<\/div><p class=\"chapter-para\">The fulfillment of value-based healthcare (VBHC) models could save up to $1 trillion per year for healthcare systems worldwide while improving patients&#039; wellbeing and experience. However, its adoption and development are challenging. This review aims to provide an overview of current literature pertaining to the implementation of VBHC models used in cardiology, with a focus on cardiac electrophysiology.<\/p><\/div><div class=\"sec\"><div class=\"title\"><b>Material and Methods<\/b><\/div><p class=\"chapter-para\">This scoping review was conducted according to the Preferred Reporting Items for Systematic Reviews and Meta-analysis for Scoping Reviews. The records included in this publication were relevant documents published in\u00a0<em>PubMed<\/em>,\u00a0<em>Mendeley<\/em>\u00a0and\u00a0<em>ScienceDirect<\/em>. The search criteria were publications about VBHC in the field of cardiology and electrophysiology published between 2006 and 2023.<\/p><\/div><div class=\"sec\"><div class=\"title\"><b>Results<\/b><\/div><p class=\"chapter-para\">The implementation of VBHC models in cardiology and electrophysiology is still in its infant stages. There is a clear need to modify the current organizational structure in order to establish cross-functional teams with the patient at the center of care. The adoption of new reimbursement schemes is crucial to moving this process forward. The implementation of technologies for data analysis and patient management, among others, poses challenges to the change process.<\/p><\/div><div class=\"sec\"><div class=\"title\"><b>Conclusion<\/b><\/div><p class=\"chapter-para\">New VBHC models have the potential to improve the care process and patient experience while optimizing the costs. The implementation of this model has been insufficient mainly because it requires substantial changes in the existing infrastructures and local organization, the need to track adherence to guidelines and the evaluation of the quality of life improvement and patient satisfaction, among others.<\/p><\/div><\/section>\t\t\t\t\t\t\t\t<\/div>\n\t\t\t\t<\/div>\n\t\t\t\t<div class=\"elementor-element elementor-element-4894758 elementor-align-center elementor-widget elementor-widget-button\" data-id=\"4894758\" data-element_type=\"widget\" data-e-type=\"widget\" data-widget_type=\"button.default\">\n\t\t\t\t<div class=\"elementor-widget-container\">\n\t\t\t\t\t\t\t\t\t<div class=\"elementor-button-wrapper\">\n\t\t\t\t\t<a class=\"elementor-button elementor-button-link elementor-size-md elementor-animation-grow\" href=\"https:\/\/academic.oup.com\/europace\/advance-article\/doi\/10.1093\/europace\/euae210\/7736000\">\n\t\t\t\t\t\t<span class=\"elementor-button-content-wrapper\">\n\t\t\t\t\t\t\t\t\t<span class=\"elementor-button-text\">Link to the post<\/span>\n\t\t\t\t\t<\/span>\n\t\t\t\t\t<\/a>\n\t\t\t\t<\/div>\n\t\t\t\t\t\t\t\t<\/div>\n\t\t\t\t<\/div>\n\t\t\t\t\t<\/div>\n\t\t<\/div>\n\t\t\t\t\t<\/div>\n\t\t<\/section>\n\t\t\t\t<section class=\"elementor-section elementor-top-section elementor-element elementor-element-c8bb231 elementor-section-boxed elementor-section-height-default elementor-section-height-default\" data-id=\"c8bb231\" data-element_type=\"section\" data-e-type=\"section\">\n\t\t\t\t\t\t<div class=\"elementor-container elementor-column-gap-default\">\n\t\t\t\t\t<div class=\"elementor-column elementor-col-100 elementor-top-column elementor-element elementor-element-4d7ff8d\" data-id=\"4d7ff8d\" data-element_type=\"column\" data-e-type=\"column\">\n\t\t\t<div class=\"elementor-widget-wrap elementor-element-populated\">\n\t\t\t\t\t\t<div class=\"elementor-element elementor-element-76d898a elementor-widget elementor-widget-image\" data-id=\"76d898a\" data-element_type=\"widget\" data-e-type=\"widget\" data-widget_type=\"image.default\">\n\t\t\t\t<div class=\"elementor-widget-container\">\n\t\t\t\t\t\t\t\t\t\t\t\t\t\t\t<img decoding=\"async\" width=\"800\" height=\"406\" src=\"https:\/\/www.osoro.net\/wp-content\/uploads\/2025\/07\/banner-hta-1024x520.jpg\" class=\"attachment-large size-large wp-image-1349\" alt=\"\" srcset=\"https:\/\/www.osoro.net\/wp-content\/uploads\/2025\/07\/banner-hta-1024x520.jpg 1024w, https:\/\/www.osoro.net\/wp-content\/uploads\/2025\/07\/banner-hta-300x152.jpg 300w, https:\/\/www.osoro.net\/wp-content\/uploads\/2025\/07\/banner-hta-768x390.jpg 768w, https:\/\/www.osoro.net\/wp-content\/uploads\/2025\/07\/banner-hta-18x9.jpg 18w, https:\/\/www.osoro.net\/wp-content\/uploads\/2025\/07\/banner-hta.jpg 1403w\" sizes=\"(max-width: 800px) 100vw, 800px\" \/>\t\t\t\t\t\t\t\t\t\t\t\t\t\t\t<\/div>\n\t\t\t\t<\/div>\n\t\t\t\t<div class=\"elementor-element elementor-element-de7f366 elementor-align-center elementor-widget elementor-widget-button\" data-id=\"de7f366\" data-element_type=\"widget\" data-e-type=\"widget\" data-widget_type=\"button.default\">\n\t\t\t\t<div class=\"elementor-widget-container\">\n\t\t\t\t\t\t\t\t\t<div class=\"elementor-button-wrapper\">\n\t\t\t\t\t<a class=\"elementor-button elementor-button-link elementor-size-md elementor-animation-grow\" href=\"https:\/\/www.mdpi.com\/2001-6689\/13\/2\/30\">\n\t\t\t\t\t\t<span class=\"elementor-button-content-wrapper\">\n\t\t\t\t\t\t\t\t\t<span class=\"elementor-button-text\">Link to the post<\/span>\n\t\t\t\t\t<\/span>\n\t\t\t\t\t<\/a>\n\t\t\t\t<\/div>\n\t\t\t\t\t\t\t\t<\/div>\n\t\t\t\t<\/div>\n\t\t\t\t\t<\/div>\n\t\t<\/div>\n\t\t\t\t\t<\/div>\n\t\t<\/section>\n\t\t\t\t<section class=\"elementor-section elementor-top-section elementor-element elementor-element-3062b2d elementor-section-boxed elementor-section-height-default elementor-section-height-default\" data-id=\"3062b2d\" data-element_type=\"section\" data-e-type=\"section\">\n\t\t\t\t\t\t<div class=\"elementor-container elementor-column-gap-default\">\n\t\t\t\t\t<div class=\"elementor-column elementor-col-100 elementor-top-column elementor-element elementor-element-6bf7faf\" data-id=\"6bf7faf\" data-element_type=\"column\" data-e-type=\"column\">\n\t\t\t<div class=\"elementor-widget-wrap elementor-element-populated\">\n\t\t\t\t\t\t<div class=\"elementor-element elementor-element-97fdda4 elementor-widget elementor-widget-text-editor\" data-id=\"97fdda4\" data-element_type=\"widget\" data-e-type=\"widget\" data-widget_type=\"text-editor.default\">\n\t\t\t\t<div class=\"elementor-widget-container\">\n\t\t\t\t\t\t\t\t\t<h2 id=\"html-abstract-title\">Abstract<\/h2><div class=\"html-p\"><b>Background and Objective:<\/b>\u00a0Innovation is a key enabler of patient-centered care in cardiology, with new medical devices and digital health technologies offering the potential to improve outcomes and efficiency. However, the evaluation of these innovations poses challenges for clinicians, regulators, and procurement stakeholders, particularly within the complex European healthcare landscape. This review aims to explore the current state of health technology assessment (HTA) for cardiology-related medical devices in Europe, offering a clinical perspective.<\/div><div class=\"html-p\">\u00a0<b>Material and Methods:<\/b>\u00a0Three independent scoping reviews were conducted following the PRISMA-ScR guidelines. Keywords included \u201cinnovation\u201d, \u201chealth technology assessment\u201d, and \u201ccardiology\u201d. The search was supplemented by the relevant literature on European HTA policies, regulatory directives, and emerging technologies.\u00a0<\/div><div class=\"html-p\"><b>Results:<\/b>\u00a0The review identified three central themes: (1) the evolving role of clinicians in HTA processes, (2) the integration of innovative technologies such as digital tools and artificial intelligence within HTA frameworks, and (3) the considerable variation in HTA practices and policies across EU member states.\u00a0<\/div><div class=\"html-p\"><b>Conclusions:<\/b>\u00a0HTA in Europe is undergoing a transformation, with increasing emphasis on interdisciplinary collaboration and frameworks that support innovation. While the goal of harmonization across the EU remains a work in progress, new regulatory efforts, such as the HTA Regulation (HTAR), offer promising avenues for aligning clinical practice with evidence-based assessment and reimbursement decisions.<\/div>\t\t\t\t\t\t\t\t<\/div>\n\t\t\t\t<\/div>\n\t\t\t\t\t<\/div>\n\t\t<\/div>\n\t\t\t\t\t<\/div>\n\t\t<\/section>\n\t\t\t\t<\/div>","protected":false},"excerpt":{"rendered":"<p>Publicaciones Challenging the status quo: A scoping review of value-based care models in cardiology and electrophysiology Abstract Background and objective The accomplishment of value-based healthcare (VBHC) models could save up to $1 trillion per year for healthcare systems worldwide while improving patients\u2019 wellbeing and experience. Nevertheless, its adoption and development are challenging. This review aims [&hellip;]<\/p>\n","protected":false},"author":4,"featured_media":1127,"parent":0,"menu_order":2,"comment_status":"closed","ping_status":"closed","template":"elementor_header_footer","meta":{"_joinchat":[],"footnotes":""},"class_list":["post-448","page","type-page","status-publish","has-post-thumbnail","hentry"],"yoast_head":"<!-- This site is optimized with the Yoast SEO plugin v27.4 - https:\/\/yoast.com\/product\/yoast-seo-wordpress\/ -->\n<title>Publicaciones | Osoro<\/title>\n<meta name=\"description\" content=\"M\u00e1s de 15 a\u00f1os de experiencia en el sector salud, ayudando a empresas de biotecnolog\u00eda con su estrategia regulatoria, marketing y operaciones.\" \/>\n<meta name=\"robots\" content=\"index, follow, max-snippet:-1, max-image-preview:large, max-video-preview:-1\" \/>\n<link rel=\"canonical\" href=\"https:\/\/www.osoro.net\/en\/publications-works\/\" \/>\n<meta property=\"og:locale\" content=\"en_US\" \/>\n<meta property=\"og:type\" content=\"article\" \/>\n<meta property=\"og:title\" content=\"Publicaciones | Osoro\" \/>\n<meta property=\"og:description\" content=\"M\u00e1s de 15 a\u00f1os de experiencia en el sector salud, ayudando a empresas de biotecnolog\u00eda con su estrategia regulatoria, marketing y operaciones.\" \/>\n<meta property=\"og:url\" content=\"https:\/\/www.osoro.net\/en\/publications-works\/\" \/>\n<meta property=\"og:site_name\" content=\"Osoro\" \/>\n<meta property=\"article:modified_time\" content=\"2025-07-10T10:28:59+00:00\" \/>\n<meta property=\"og:image\" content=\"https:\/\/www.osoro.net\/wp-content\/uploads\/2023\/03\/favicon-osoro.png\" \/>\n\t<meta property=\"og:image:width\" content=\"402\" \/>\n\t<meta property=\"og:image:height\" content=\"402\" \/>\n\t<meta property=\"og:image:type\" content=\"image\/png\" \/>\n<meta name=\"twitter:card\" content=\"summary_large_image\" \/>\n<script type=\"application\/ld+json\" class=\"yoast-schema-graph\">{\"@context\":\"https:\\\/\\\/schema.org\",\"@graph\":[{\"@type\":\"WebPage\",\"@id\":\"https:\\\/\\\/www.osoro.net\\\/publicaciones-trabajos\\\/\",\"url\":\"https:\\\/\\\/www.osoro.net\\\/publicaciones-trabajos\\\/\",\"name\":\"Publicaciones | Osoro\",\"isPartOf\":{\"@id\":\"https:\\\/\\\/www.osoro.net\\\/#website\"},\"primaryImageOfPage\":{\"@id\":\"https:\\\/\\\/www.osoro.net\\\/publicaciones-trabajos\\\/#primaryimage\"},\"image\":{\"@id\":\"https:\\\/\\\/www.osoro.net\\\/publicaciones-trabajos\\\/#primaryimage\"},\"thumbnailUrl\":\"https:\\\/\\\/www.osoro.net\\\/wp-content\\\/uploads\\\/2023\\\/03\\\/favicon-osoro.png\",\"datePublished\":\"2023-03-28T16:41:33+00:00\",\"dateModified\":\"2025-07-10T10:28:59+00:00\",\"description\":\"M\u00e1s de 15 a\u00f1os de experiencia en el sector salud, ayudando a empresas de biotecnolog\u00eda con su estrategia regulatoria, marketing y operaciones.\",\"breadcrumb\":{\"@id\":\"https:\\\/\\\/www.osoro.net\\\/publicaciones-trabajos\\\/#breadcrumb\"},\"inLanguage\":\"en-US\",\"potentialAction\":[{\"@type\":\"ReadAction\",\"target\":[\"https:\\\/\\\/www.osoro.net\\\/publicaciones-trabajos\\\/\"]}]},{\"@type\":\"ImageObject\",\"inLanguage\":\"en-US\",\"@id\":\"https:\\\/\\\/www.osoro.net\\\/publicaciones-trabajos\\\/#primaryimage\",\"url\":\"https:\\\/\\\/www.osoro.net\\\/wp-content\\\/uploads\\\/2023\\\/03\\\/favicon-osoro.png\",\"contentUrl\":\"https:\\\/\\\/www.osoro.net\\\/wp-content\\\/uploads\\\/2023\\\/03\\\/favicon-osoro.png\",\"width\":402,\"height\":402},{\"@type\":\"BreadcrumbList\",\"@id\":\"https:\\\/\\\/www.osoro.net\\\/publicaciones-trabajos\\\/#breadcrumb\",\"itemListElement\":[{\"@type\":\"ListItem\",\"position\":1,\"name\":\"Inicio\",\"item\":\"https:\\\/\\\/www.osoro.net\\\/\"},{\"@type\":\"ListItem\",\"position\":2,\"name\":\"Publicaciones\"}]},{\"@type\":\"WebSite\",\"@id\":\"https:\\\/\\\/www.osoro.net\\\/#website\",\"url\":\"https:\\\/\\\/www.osoro.net\\\/\",\"name\":\"Osoro\",\"description\":\"Health Consulting\",\"publisher\":{\"@id\":\"https:\\\/\\\/www.osoro.net\\\/#organization\"},\"potentialAction\":[{\"@type\":\"SearchAction\",\"target\":{\"@type\":\"EntryPoint\",\"urlTemplate\":\"https:\\\/\\\/www.osoro.net\\\/?s={search_term_string}\"},\"query-input\":{\"@type\":\"PropertyValueSpecification\",\"valueRequired\":true,\"valueName\":\"search_term_string\"}}],\"inLanguage\":\"en-US\"},{\"@type\":\"Organization\",\"@id\":\"https:\\\/\\\/www.osoro.net\\\/#organization\",\"name\":\"Osoro\",\"url\":\"https:\\\/\\\/www.osoro.net\\\/\",\"logo\":{\"@type\":\"ImageObject\",\"inLanguage\":\"en-US\",\"@id\":\"https:\\\/\\\/www.osoro.net\\\/#\\\/schema\\\/logo\\\/image\\\/\",\"url\":\"https:\\\/\\\/www.osoro.net\\\/wp-content\\\/uploads\\\/2023\\\/03\\\/osoro2.svg\",\"contentUrl\":\"https:\\\/\\\/www.osoro.net\\\/wp-content\\\/uploads\\\/2023\\\/03\\\/osoro2.svg\",\"width\":1260,\"height\":351,\"caption\":\"Osoro\"},\"image\":{\"@id\":\"https:\\\/\\\/www.osoro.net\\\/#\\\/schema\\\/logo\\\/image\\\/\"}}]}<\/script>\n<!-- \/ Yoast SEO plugin. -->","yoast_head_json":{"title":"Publications | Osoro","description":"More than 15 years of experience in the healthcare sector, helping biotechnology companies with their regulatory strategy, marketing and operations.","robots":{"index":"index","follow":"follow","max-snippet":"max-snippet:-1","max-image-preview":"max-image-preview:large","max-video-preview":"max-video-preview:-1"},"canonical":"https:\/\/www.osoro.net\/en\/publications-works\/","og_locale":"en_US","og_type":"article","og_title":"Publicaciones | Osoro","og_description":"M\u00e1s de 15 a\u00f1os de experiencia en el sector salud, ayudando a empresas de biotecnolog\u00eda con su estrategia regulatoria, marketing y operaciones.","og_url":"https:\/\/www.osoro.net\/en\/publications-works\/","og_site_name":"Osoro","article_modified_time":"2025-07-10T10:28:59+00:00","og_image":[{"width":402,"height":402,"url":"https:\/\/www.osoro.net\/wp-content\/uploads\/2023\/03\/favicon-osoro.png","type":"image\/png"}],"twitter_card":"summary_large_image","schema":{"@context":"https:\/\/schema.org","@graph":[{"@type":"WebPage","@id":"https:\/\/www.osoro.net\/publicaciones-trabajos\/","url":"https:\/\/www.osoro.net\/publicaciones-trabajos\/","name":"Publications | Osoro","isPartOf":{"@id":"https:\/\/www.osoro.net\/#website"},"primaryImageOfPage":{"@id":"https:\/\/www.osoro.net\/publicaciones-trabajos\/#primaryimage"},"image":{"@id":"https:\/\/www.osoro.net\/publicaciones-trabajos\/#primaryimage"},"thumbnailUrl":"https:\/\/www.osoro.net\/wp-content\/uploads\/2023\/03\/favicon-osoro.png","datePublished":"2023-03-28T16:41:33+00:00","dateModified":"2025-07-10T10:28:59+00:00","description":"More than 15 years of experience in the healthcare sector, helping biotechnology companies with their regulatory strategy, marketing and operations.","breadcrumb":{"@id":"https:\/\/www.osoro.net\/publicaciones-trabajos\/#breadcrumb"},"inLanguage":"en-US","potentialAction":[{"@type":"ReadAction","target":["https:\/\/www.osoro.net\/publicaciones-trabajos\/"]}]},{"@type":"ImageObject","inLanguage":"en-US","@id":"https:\/\/www.osoro.net\/publicaciones-trabajos\/#primaryimage","url":"https:\/\/www.osoro.net\/wp-content\/uploads\/2023\/03\/favicon-osoro.png","contentUrl":"https:\/\/www.osoro.net\/wp-content\/uploads\/2023\/03\/favicon-osoro.png","width":402,"height":402},{"@type":"BreadcrumbList","@id":"https:\/\/www.osoro.net\/publicaciones-trabajos\/#breadcrumb","itemListElement":[{"@type":"ListItem","position":1,"name":"Inicio","item":"https:\/\/www.osoro.net\/"},{"@type":"ListItem","position":2,"name":"Publicaciones"}]},{"@type":"WebSite","@id":"https:\/\/www.osoro.net\/#website","url":"https:\/\/www.osoro.net\/","name":"Osoro","description":"Health Consulting","publisher":{"@id":"https:\/\/www.osoro.net\/#organization"},"potentialAction":[{"@type":"SearchAction","target":{"@type":"EntryPoint","urlTemplate":"https:\/\/www.osoro.net\/?s={search_term_string}"},"query-input":{"@type":"PropertyValueSpecification","valueRequired":true,"valueName":"search_term_string"}}],"inLanguage":"en-US"},{"@type":"Organization","@id":"https:\/\/www.osoro.net\/#organization","name":"Osoro","url":"https:\/\/www.osoro.net\/","logo":{"@type":"ImageObject","inLanguage":"en-US","@id":"https:\/\/www.osoro.net\/#\/schema\/logo\/image\/","url":"https:\/\/www.osoro.net\/wp-content\/uploads\/2023\/03\/osoro2.svg","contentUrl":"https:\/\/www.osoro.net\/wp-content\/uploads\/2023\/03\/osoro2.svg","width":1260,"height":351,"caption":"Osoro"},"image":{"@id":"https:\/\/www.osoro.net\/#\/schema\/logo\/image\/"}}]}},"_links":{"self":[{"href":"https:\/\/www.osoro.net\/en\/wp-json\/wp\/v2\/pages\/448","targetHints":{"allow":["GET"]}}],"collection":[{"href":"https:\/\/www.osoro.net\/en\/wp-json\/wp\/v2\/pages"}],"about":[{"href":"https:\/\/www.osoro.net\/en\/wp-json\/wp\/v2\/types\/page"}],"author":[{"embeddable":true,"href":"https:\/\/www.osoro.net\/en\/wp-json\/wp\/v2\/users\/4"}],"replies":[{"embeddable":true,"href":"https:\/\/www.osoro.net\/en\/wp-json\/wp\/v2\/comments?post=448"}],"version-history":[{"count":14,"href":"https:\/\/www.osoro.net\/en\/wp-json\/wp\/v2\/pages\/448\/revisions"}],"predecessor-version":[{"id":1358,"href":"https:\/\/www.osoro.net\/en\/wp-json\/wp\/v2\/pages\/448\/revisions\/1358"}],"wp:featuredmedia":[{"embeddable":true,"href":"https:\/\/www.osoro.net\/en\/wp-json\/wp\/v2\/media\/1127"}],"wp:attachment":[{"href":"https:\/\/www.osoro.net\/en\/wp-json\/wp\/v2\/media?parent=448"}],"curies":[{"name":"wp","href":"https:\/\/api.w.org\/{rel}","templated":true}]}}