{"id":450,"date":"2023-03-28T18:42:00","date_gmt":"2023-03-28T16:42:00","guid":{"rendered":"https:\/\/www.osoro.net\/?page_id=450"},"modified":"2024-05-06T13:08:16","modified_gmt":"2024-05-06T11:08:16","slug":"uber-mich","status":"publish","type":"page","link":"https:\/\/www.osoro.net\/de\/sobre-mi\/","title":{"rendered":"\u00dcber mich"},"content":{"rendered":"<div data-elementor-type=\"wp-page\" data-elementor-id=\"450\" class=\"elementor elementor-450\" data-elementor-post-type=\"page\">\n\t\t\t\t\t\t<section class=\"elementor-section elementor-top-section elementor-element elementor-element-e0a47da elementor-section-full_width elementor-section-height-default elementor-section-height-default\" data-id=\"e0a47da\" data-element_type=\"section\" data-e-type=\"section\">\n\t\t\t\t\t\t<div class=\"elementor-container elementor-column-gap-default\">\n\t\t\t\t\t<div class=\"elementor-column elementor-col-100 elementor-top-column elementor-element elementor-element-82494c7\" data-id=\"82494c7\" data-element_type=\"column\" data-e-type=\"column\">\n\t\t\t<div class=\"elementor-widget-wrap elementor-element-populated\">\n\t\t\t\t\t\t<div class=\"elementor-element elementor-element-25bf377 elementor-widget__width-auto elementor-mobile-align-center elementor-widget-mobile__width-auto elementor-widget elementor-widget-breadcrumbs\" data-id=\"25bf377\" data-element_type=\"widget\" data-e-type=\"widget\" data-widget_type=\"breadcrumbs.default\">\n\t\t\t\t<div class=\"elementor-widget-container\">\n\t\t\t\t\t<p id=\"breadcrumbs\"><span><span><a href=\"https:\/\/www.osoro.net\/de\/\">Start<\/a><\/span><\/span><\/p>\t\t\t\t<\/div>\n\t\t\t\t<\/div>\n\t\t\t\t\t<\/div>\n\t\t<\/div>\n\t\t\t\t\t<\/div>\n\t\t<\/section>\n\t\t\t\t<section class=\"elementor-section elementor-top-section elementor-element elementor-element-97c65e7 elementor-section-boxed elementor-section-height-default elementor-section-height-default\" data-id=\"97c65e7\" data-element_type=\"section\" data-e-type=\"section\">\n\t\t\t\t\t\t<div class=\"elementor-container elementor-column-gap-no\">\n\t\t\t\t\t<div class=\"elementor-column elementor-col-50 elementor-top-column elementor-element elementor-element-d876129\" data-id=\"d876129\" data-element_type=\"column\" data-e-type=\"column\">\n\t\t\t<div class=\"elementor-widget-wrap elementor-element-populated\">\n\t\t\t\t\t\t<div class=\"elementor-element elementor-element-fcbbe78 elementor-invisible elementor-widget elementor-widget-heading\" data-id=\"fcbbe78\" data-element_type=\"widget\" data-e-type=\"widget\" data-settings=\"{&quot;_animation&quot;:&quot;fadeInLeft&quot;}\" data-widget_type=\"heading.default\">\n\t\t\t\t<div class=\"elementor-widget-container\">\n\t\t\t\t\t<h1 class=\"elementor-heading-title elementor-size-default\">Lucia Osoro<\/h1>\t\t\t\t<\/div>\n\t\t\t\t<\/div>\n\t\t\t\t<div class=\"elementor-element elementor-element-51bef85 elementor-widget-divider--view-line elementor-widget elementor-widget-divider\" data-id=\"51bef85\" data-element_type=\"widget\" data-e-type=\"widget\" data-widget_type=\"divider.default\">\n\t\t\t\t<div class=\"elementor-widget-container\">\n\t\t\t\t\t\t\t<div class=\"elementor-divider\">\n\t\t\t<span class=\"elementor-divider-separator\">\n\t\t\t\t\t\t<\/span>\n\t\t<\/div>\n\t\t\t\t\t\t<\/div>\n\t\t\t\t<\/div>\n\t\t\t\t<div class=\"elementor-element elementor-element-fa8d4f1 elementor-widget elementor-widget-text-editor\" data-id=\"fa8d4f1\" data-element_type=\"widget\" data-e-type=\"widget\" data-widget_type=\"text-editor.default\">\n\t\t\t\t<div class=\"elementor-widget-container\">\n\t\t\t\t\t\t\t\t\t<p>Ich bin Telekommunikationsingenieur und seit 15 Jahren im Gesundheitswesen t\u00e4tig. <br \/>Ich verf\u00fcge \u00fcber internationale Erfahrung und hatte Positionen mit internationaler Verantwortung in Unternehmen wie Abbott oder Teladoc Health inne.<\/p><p>Ich bin Absolvent des International MBA an der EDHEC (Frankreich) und Doktorand an der Freien Universit\u00e4t Br\u00fcssel (Belgien).<\/p><p>Ich war an internationalen Produkteinf\u00fchrungen, Firmen\u00fcbernahmen und organisatorischen Umstrukturierungen beteiligt.<\/p>\t\t\t\t\t\t\t\t<\/div>\n\t\t\t\t<\/div>\n\t\t\t\t\t<\/div>\n\t\t<\/div>\n\t\t\t\t<div class=\"elementor-column elementor-col-50 elementor-top-column elementor-element elementor-element-40ca14d\" data-id=\"40ca14d\" data-element_type=\"column\" data-e-type=\"column\">\n\t\t\t<div class=\"elementor-widget-wrap elementor-element-populated\">\n\t\t\t\t\t\t<div class=\"elementor-element elementor-element-3265644 elementor-invisible elementor-widget elementor-widget-image\" data-id=\"3265644\" data-element_type=\"widget\" data-e-type=\"widget\" data-settings=\"{&quot;_animation&quot;:&quot;fadeInRight&quot;}\" data-widget_type=\"image.default\">\n\t\t\t\t<div class=\"elementor-widget-container\">\n\t\t\t\t\t\t\t\t\t\t\t\t\t\t\t<img fetchpriority=\"high\" decoding=\"async\" width=\"683\" height=\"1024\" src=\"https:\/\/www.osoro.net\/wp-content\/uploads\/2024\/05\/20240403121204_img_0313-683x1024.jpg\" class=\"attachment-large size-large wp-image-1235\" alt=\"\" srcset=\"https:\/\/www.osoro.net\/wp-content\/uploads\/2024\/05\/20240403121204_img_0313-683x1024.jpg 683w, https:\/\/www.osoro.net\/wp-content\/uploads\/2024\/05\/20240403121204_img_0313-200x300.jpg 200w, https:\/\/www.osoro.net\/wp-content\/uploads\/2024\/05\/20240403121204_img_0313-768x1152.jpg 768w, https:\/\/www.osoro.net\/wp-content\/uploads\/2024\/05\/20240403121204_img_0313-1024x1536.jpg 1024w, https:\/\/www.osoro.net\/wp-content\/uploads\/2024\/05\/20240403121204_img_0313-8x12.jpg 8w, https:\/\/www.osoro.net\/wp-content\/uploads\/2024\/05\/20240403121204_img_0313-rotated.jpg 1080w\" sizes=\"(max-width: 683px) 100vw, 683px\" \/>\t\t\t\t\t\t\t\t\t\t\t\t\t\t\t<\/div>\n\t\t\t\t<\/div>\n\t\t\t\t\t<\/div>\n\t\t<\/div>\n\t\t\t\t\t<\/div>\n\t\t<\/section>\n\t\t\t\t<section class=\"elementor-section elementor-top-section elementor-element elementor-element-f4a4719 elementor-section-boxed elementor-section-height-default elementor-section-height-default\" data-id=\"f4a4719\" data-element_type=\"section\" data-e-type=\"section\">\n\t\t\t\t\t\t<div class=\"elementor-container elementor-column-gap-default\">\n\t\t\t\t\t<div class=\"elementor-column elementor-col-100 elementor-top-column elementor-element elementor-element-ca74e22\" data-id=\"ca74e22\" data-element_type=\"column\" data-e-type=\"column\">\n\t\t\t<div class=\"elementor-widget-wrap elementor-element-populated\">\n\t\t\t\t\t\t<div class=\"elementor-element elementor-element-b0a4c6e elementor-align-center elementor-widget elementor-widget-button\" data-id=\"b0a4c6e\" data-element_type=\"widget\" data-e-type=\"widget\" data-widget_type=\"button.default\">\n\t\t\t\t<div class=\"elementor-widget-container\">\n\t\t\t\t\t\t\t\t\t<div class=\"elementor-button-wrapper\">\n\t\t\t\t\t<a class=\"elementor-button elementor-button-link elementor-size-md elementor-animation-grow\" href=\"https:\/\/www.osoro.net\/de\/contacto\/\">\n\t\t\t\t\t\t<span class=\"elementor-button-content-wrapper\">\n\t\t\t\t\t\t\t\t\t<span class=\"elementor-button-text\">Frage nach mehr Informationen<\/span>\n\t\t\t\t\t<\/span>\n\t\t\t\t\t<\/a>\n\t\t\t\t<\/div>\n\t\t\t\t\t\t\t\t<\/div>\n\t\t\t\t<\/div>\n\t\t\t\t\t<\/div>\n\t\t<\/div>\n\t\t\t\t\t<\/div>\n\t\t<\/section>\n\t\t\t\t<\/div>","protected":false},"excerpt":{"rendered":"<p>Luc\u00eda Osoro Soy ingeniera de telecomunicaciones con 15 a\u00f1os en el sector sanitario. Cuento con experiencia internacional y he ocupado puestos de responsabilidad internacional en empresas como Abbott o Teladoc Health. Soy graduada de MBA Internacional en EDHEC (Francia) y doctoranda en la Universidad Libre de Bruselas (B\u00e9lgica). He participado en lanzamientos de producto internacionales, [&hellip;]<\/p>\n","protected":false},"author":4,"featured_media":1126,"parent":0,"menu_order":3,"comment_status":"closed","ping_status":"closed","template":"elementor_header_footer","meta":{"_joinchat":[],"footnotes":""},"class_list":["post-450","page","type-page","status-publish","has-post-thumbnail","hentry"],"yoast_head":"<!-- This site is optimized with the Yoast SEO plugin v27.4 - https:\/\/yoast.com\/product\/yoast-seo-wordpress\/ -->\n<title>Sobre mi | Osoro<\/title>\n<meta name=\"description\" content=\"Queremos que nos conozcas mejor, as\u00ed que explora esta secci\u00f3n y si\u00e9ntete libre de contactarnos y preguntarnos tus dudas.M\u00e1s de 15 a\u00f1os de experiencia en el sector salud, ayudando a empresas de biotecnolog\u00eda con su estrategia regulatoria, marketing y operaciones.\" \/>\n<meta name=\"robots\" content=\"index, follow, max-snippet:-1, max-image-preview:large, max-video-preview:-1\" \/>\n<link rel=\"canonical\" href=\"https:\/\/www.osoro.net\/de\/uber-mich\/\" \/>\n<meta property=\"og:locale\" content=\"de_DE\" \/>\n<meta property=\"og:type\" content=\"article\" \/>\n<meta property=\"og:title\" content=\"Sobre mi | Osoro\" \/>\n<meta property=\"og:description\" content=\"Queremos que nos conozcas mejor, as\u00ed que explora esta secci\u00f3n y si\u00e9ntete libre de contactarnos y preguntarnos tus dudas.M\u00e1s de 15 a\u00f1os de experiencia en el sector salud, ayudando a empresas de biotecnolog\u00eda con su estrategia regulatoria, marketing y operaciones.\" \/>\n<meta property=\"og:url\" content=\"https:\/\/www.osoro.net\/de\/uber-mich\/\" \/>\n<meta property=\"og:site_name\" content=\"Osoro\" \/>\n<meta property=\"article:modified_time\" content=\"2024-05-06T11:08:16+00:00\" \/>\n<meta name=\"twitter:card\" content=\"summary_large_image\" \/>\n<script type=\"application\/ld+json\" class=\"yoast-schema-graph\">{\"@context\":\"https:\\\/\\\/schema.org\",\"@graph\":[{\"@type\":\"WebPage\",\"@id\":\"https:\\\/\\\/www.osoro.net\\\/sobre-mi\\\/\",\"url\":\"https:\\\/\\\/www.osoro.net\\\/sobre-mi\\\/\",\"name\":\"Sobre mi | Osoro\",\"isPartOf\":{\"@id\":\"https:\\\/\\\/www.osoro.net\\\/#website\"},\"primaryImageOfPage\":{\"@id\":\"https:\\\/\\\/www.osoro.net\\\/sobre-mi\\\/#primaryimage\"},\"image\":{\"@id\":\"https:\\\/\\\/www.osoro.net\\\/sobre-mi\\\/#primaryimage\"},\"thumbnailUrl\":\"https:\\\/\\\/www.osoro.net\\\/wp-content\\\/uploads\\\/2023\\\/03\\\/osoro5.svg\",\"datePublished\":\"2023-03-28T16:42:00+00:00\",\"dateModified\":\"2024-05-06T11:08:16+00:00\",\"description\":\"Queremos que nos conozcas mejor, as\u00ed que explora esta secci\u00f3n y si\u00e9ntete libre de contactarnos y preguntarnos tus dudas.M\u00e1s de 15 a\u00f1os de experiencia en el sector salud, ayudando a empresas de biotecnolog\u00eda con su estrategia regulatoria, marketing y operaciones.\",\"breadcrumb\":{\"@id\":\"https:\\\/\\\/www.osoro.net\\\/sobre-mi\\\/#breadcrumb\"},\"inLanguage\":\"de\",\"potentialAction\":[{\"@type\":\"ReadAction\",\"target\":[\"https:\\\/\\\/www.osoro.net\\\/sobre-mi\\\/\"]}]},{\"@type\":\"ImageObject\",\"inLanguage\":\"de\",\"@id\":\"https:\\\/\\\/www.osoro.net\\\/sobre-mi\\\/#primaryimage\",\"url\":\"https:\\\/\\\/www.osoro.net\\\/wp-content\\\/uploads\\\/2023\\\/03\\\/osoro5.svg\",\"contentUrl\":\"https:\\\/\\\/www.osoro.net\\\/wp-content\\\/uploads\\\/2023\\\/03\\\/osoro5.svg\",\"width\":401,\"height\":401},{\"@type\":\"BreadcrumbList\",\"@id\":\"https:\\\/\\\/www.osoro.net\\\/sobre-mi\\\/#breadcrumb\",\"itemListElement\":[{\"@type\":\"ListItem\",\"position\":1,\"name\":\"Inicio\",\"item\":\"https:\\\/\\\/www.osoro.net\\\/\"},{\"@type\":\"ListItem\",\"position\":2,\"name\":\"Sobre mi\"}]},{\"@type\":\"WebSite\",\"@id\":\"https:\\\/\\\/www.osoro.net\\\/#website\",\"url\":\"https:\\\/\\\/www.osoro.net\\\/\",\"name\":\"Osoro\",\"description\":\"Health Consulting\",\"publisher\":{\"@id\":\"https:\\\/\\\/www.osoro.net\\\/#organization\"},\"potentialAction\":[{\"@type\":\"SearchAction\",\"target\":{\"@type\":\"EntryPoint\",\"urlTemplate\":\"https:\\\/\\\/www.osoro.net\\\/?s={search_term_string}\"},\"query-input\":{\"@type\":\"PropertyValueSpecification\",\"valueRequired\":true,\"valueName\":\"search_term_string\"}}],\"inLanguage\":\"de\"},{\"@type\":\"Organization\",\"@id\":\"https:\\\/\\\/www.osoro.net\\\/#organization\",\"name\":\"Osoro\",\"url\":\"https:\\\/\\\/www.osoro.net\\\/\",\"logo\":{\"@type\":\"ImageObject\",\"inLanguage\":\"de\",\"@id\":\"https:\\\/\\\/www.osoro.net\\\/#\\\/schema\\\/logo\\\/image\\\/\",\"url\":\"https:\\\/\\\/www.osoro.net\\\/wp-content\\\/uploads\\\/2023\\\/03\\\/osoro2.svg\",\"contentUrl\":\"https:\\\/\\\/www.osoro.net\\\/wp-content\\\/uploads\\\/2023\\\/03\\\/osoro2.svg\",\"width\":1260,\"height\":351,\"caption\":\"Osoro\"},\"image\":{\"@id\":\"https:\\\/\\\/www.osoro.net\\\/#\\\/schema\\\/logo\\\/image\\\/\"}}]}<\/script>\n<!-- \/ Yoast SEO plugin. -->","yoast_head_json":{"title":"\u00dcber mich | Osoro","description":"Wir m\u00f6chten, dass Sie uns besser kennenlernen. Erkunden Sie diesen Abschnitt und nehmen Sie Kontakt mit uns auf, um uns Ihre Fragen zu stellen. Mehr als 15 Jahre Erfahrung im Gesundheitssektor, in der wir Biotechnologieunternehmen bei ihrer Regulierungsstrategie, ihrem Marketing und ihrem Betrieb unterst\u00fctzen.","robots":{"index":"index","follow":"follow","max-snippet":"max-snippet:-1","max-image-preview":"max-image-preview:large","max-video-preview":"max-video-preview:-1"},"canonical":"https:\/\/www.osoro.net\/de\/uber-mich\/","og_locale":"de_DE","og_type":"article","og_title":"Sobre mi | Osoro","og_description":"Queremos que nos conozcas mejor, as\u00ed que explora esta secci\u00f3n y si\u00e9ntete libre de contactarnos y preguntarnos tus dudas.M\u00e1s de 15 a\u00f1os de experiencia en el sector salud, ayudando a empresas de biotecnolog\u00eda con su estrategia regulatoria, marketing y operaciones.","og_url":"https:\/\/www.osoro.net\/de\/uber-mich\/","og_site_name":"Osoro","article_modified_time":"2024-05-06T11:08:16+00:00","twitter_card":"summary_large_image","schema":{"@context":"https:\/\/schema.org","@graph":[{"@type":"WebPage","@id":"https:\/\/www.osoro.net\/sobre-mi\/","url":"https:\/\/www.osoro.net\/sobre-mi\/","name":"\u00dcber mich | Osoro","isPartOf":{"@id":"https:\/\/www.osoro.net\/#website"},"primaryImageOfPage":{"@id":"https:\/\/www.osoro.net\/sobre-mi\/#primaryimage"},"image":{"@id":"https:\/\/www.osoro.net\/sobre-mi\/#primaryimage"},"thumbnailUrl":"https:\/\/www.osoro.net\/wp-content\/uploads\/2023\/03\/osoro5.svg","datePublished":"2023-03-28T16:42:00+00:00","dateModified":"2024-05-06T11:08:16+00:00","description":"Wir m\u00f6chten, dass Sie uns besser kennenlernen. Erkunden Sie diesen Abschnitt und nehmen Sie Kontakt mit uns auf, um uns Ihre Fragen zu stellen. Mehr als 15 Jahre Erfahrung im Gesundheitssektor, in der wir Biotechnologieunternehmen bei ihrer Regulierungsstrategie, ihrem Marketing und ihrem Betrieb unterst\u00fctzen.","breadcrumb":{"@id":"https:\/\/www.osoro.net\/sobre-mi\/#breadcrumb"},"inLanguage":"de","potentialAction":[{"@type":"ReadAction","target":["https:\/\/www.osoro.net\/sobre-mi\/"]}]},{"@type":"ImageObject","inLanguage":"de","@id":"https:\/\/www.osoro.net\/sobre-mi\/#primaryimage","url":"https:\/\/www.osoro.net\/wp-content\/uploads\/2023\/03\/osoro5.svg","contentUrl":"https:\/\/www.osoro.net\/wp-content\/uploads\/2023\/03\/osoro5.svg","width":401,"height":401},{"@type":"BreadcrumbList","@id":"https:\/\/www.osoro.net\/sobre-mi\/#breadcrumb","itemListElement":[{"@type":"ListItem","position":1,"name":"Inicio","item":"https:\/\/www.osoro.net\/"},{"@type":"ListItem","position":2,"name":"Sobre mi"}]},{"@type":"WebSite","@id":"https:\/\/www.osoro.net\/#website","url":"https:\/\/www.osoro.net\/","name":"Osoro","description":"Gesundheitsberatung","publisher":{"@id":"https:\/\/www.osoro.net\/#organization"},"potentialAction":[{"@type":"SearchAction","target":{"@type":"EntryPoint","urlTemplate":"https:\/\/www.osoro.net\/?s={search_term_string}"},"query-input":{"@type":"PropertyValueSpecification","valueRequired":true,"valueName":"search_term_string"}}],"inLanguage":"de"},{"@type":"Organization","@id":"https:\/\/www.osoro.net\/#organization","name":"Osoro","url":"https:\/\/www.osoro.net\/","logo":{"@type":"ImageObject","inLanguage":"de","@id":"https:\/\/www.osoro.net\/#\/schema\/logo\/image\/","url":"https:\/\/www.osoro.net\/wp-content\/uploads\/2023\/03\/osoro2.svg","contentUrl":"https:\/\/www.osoro.net\/wp-content\/uploads\/2023\/03\/osoro2.svg","width":1260,"height":351,"caption":"Osoro"},"image":{"@id":"https:\/\/www.osoro.net\/#\/schema\/logo\/image\/"}}]}},"_links":{"self":[{"href":"https:\/\/www.osoro.net\/de\/wp-json\/wp\/v2\/pages\/450","targetHints":{"allow":["GET"]}}],"collection":[{"href":"https:\/\/www.osoro.net\/de\/wp-json\/wp\/v2\/pages"}],"about":[{"href":"https:\/\/www.osoro.net\/de\/wp-json\/wp\/v2\/types\/page"}],"author":[{"embeddable":true,"href":"https:\/\/www.osoro.net\/de\/wp-json\/wp\/v2\/users\/4"}],"replies":[{"embeddable":true,"href":"https:\/\/www.osoro.net\/de\/wp-json\/wp\/v2\/comments?post=450"}],"version-history":[{"count":5,"href":"https:\/\/www.osoro.net\/de\/wp-json\/wp\/v2\/pages\/450\/revisions"}],"predecessor-version":[{"id":1297,"href":"https:\/\/www.osoro.net\/de\/wp-json\/wp\/v2\/pages\/450\/revisions\/1297"}],"wp:featuredmedia":[{"embeddable":true,"href":"https:\/\/www.osoro.net\/de\/wp-json\/wp\/v2\/media\/1126"}],"wp:attachment":[{"href":"https:\/\/www.osoro.net\/de\/wp-json\/wp\/v2\/media?parent=450"}],"curies":[{"name":"wp","href":"https:\/\/api.w.org\/{rel}","templated":true}]}}